{"id":3,"date":"2026-04-08T22:30:10","date_gmt":"2026-04-08T19:30:10","guid":{"rendered":"http:\/\/xn--yremmarket-ecb.com\/?page_id=3"},"modified":"2026-04-11T19:43:05","modified_gmt":"2026-04-11T16:43:05","slug":"gizlilik-ilkesi","status":"publish","type":"page","link":"https:\/\/y\u00f6remmarket.com\/?page_id=3","title":{"rendered":"Gizlilik Politikas\u0131"},"content":{"rendered":"\n<h2 class=\"wp-block-heading\">G\u0130ZL\u0130L\u0130K VE K\u0130\u015e\u0130SEL VER\u0130LER\u0130N KORUNMASI<br>Y\u00f6rem Market olarak, m\u00fc\u015fterilerimizin gizlili\u011fini \u00f6nemsiyoruz.<br>Toplanan Veriler<br>Ad, soyad<br>Adres bilgileri<br>Telefon numaras\u0131<br>E-posta adresi<br>Bu bilgiler yaln\u0131zca sipari\u015f i\u015flemleri ve hizmet kalitesini art\u0131rmak amac\u0131yla kullan\u0131lmaktad\u0131r.<br>Veri Kullan\u0131m\u0131<br>Sipari\u015flerin haz\u0131rlanmas\u0131 ve teslim edilmesi<br>M\u00fc\u015fteri ile ileti\u015fim kurulmas\u0131<br>Yasal y\u00fck\u00fcml\u00fcl\u00fcklerin yerine getirilmesi<br>Veri G\u00fcvenli\u011fi<br>Ki\u015fisel verileriniz \u00fc\u00e7\u00fcnc\u00fc ki\u015filerle payla\u015f\u0131lmaz, sadece yasal zorunluluk halinde yetkili mercilerle payla\u015f\u0131l\u0131r.<br>\u00c7erezler (Cookies)<br>Web sitemizde kullan\u0131c\u0131 deneyimini geli\u015ftirmek i\u00e7in \u00e7erezler kullan\u0131lmaktad\u0131r.<br>\u0130leti\u015fim<br>Her t\u00fcrl\u00fc soru i\u00e7in:<br>\ud83d\udce7 admin@xn--yremmarket-ecb.com<br>\ud83d\udcde 0552 378 40 22<\/h2>\n","protected":false},"excerpt":{"rendered":"<p>G\u0130ZL\u0130L\u0130K VE K\u0130\u015e\u0130SEL VER\u0130LER\u0130N KORUNMASIY\u00f6rem Market olarak, m\u00fc\u015fterilerimizin gizlili\u011fini \u00f6nemsiyoruz.Toplanan VerilerAd, soyadAdres bilgileriTelefon numaras\u0131E-posta adresiBu bilgiler yaln\u0131zca sipari\u015f i\u015flemleri ve [&hellip;]<\/p>\n","protected":false},"author":1,"featured_media":0,"parent":0,"menu_order":0,"comment_status":"closed","ping_status":"open","template":"","meta":{"site-sidebar-layout":"default","site-content-layout":"","ast-site-content-layout":"default","site-content-style":"default","site-sidebar-style":"default","ast-global-header-display":"","ast-banner-title-visibility":"","ast-main-header-display":"","ast-hfb-above-header-display":"","ast-hfb-below-header-display":"","ast-hfb-mobile-header-display":"","site-post-title":"","ast-breadcrumbs-content":"","ast-featured-img":"","footer-sml-layout":"","ast-disable-related-posts":"","theme-transparent-header-meta":"","adv-header-id-meta":"","stick-header-meta":"","header-above-stick-meta":"","header-main-stick-meta":"","header-below-stick-meta":"","astra-migrate-meta-layouts":"default","ast-page-background-enabled":"default","ast-page-background-meta":{"desktop":{"background-color":"var(--ast-global-color-5)","background-image":"","background-repeat":"repeat","background-position":"center center","background-size":"auto","background-attachment":"scroll","background-type":"","background-media":"","overlay-type":"","overlay-color":"","overlay-opacity":"","overlay-gradient":""},"tablet":{"background-color":"","background-image":"","background-repeat":"repeat","background-position":"center center","background-size":"auto","background-attachment":"scroll","background-type":"","background-media":"","overlay-type":"","overlay-color":"","overlay-opacity":"","overlay-gradient":""},"mobile":{"background-color":"","background-image":"","background-repeat":"repeat","background-position":"center center","background-size":"auto","background-attachment":"scroll","background-type":"","background-media":"","overlay-type":"","overlay-color":"","overlay-opacity":"","overlay-gradient":""}},"ast-content-background-meta":{"desktop":{"background-color":"var(--ast-global-color-4)","background-image":"","background-repeat":"repeat","background-position":"center center","background-size":"auto","background-attachment":"scroll","background-type":"","background-media":"","overlay-type":"","overlay-color":"","overlay-opacity":"","overlay-gradient":""},"tablet":{"background-color":"var(--ast-global-color-4)","background-image":"","background-repeat":"repeat","background-position":"center center","background-size":"auto","background-attachment":"scroll","background-type":"","background-media":"","overlay-type":"","overlay-color":"","overlay-opacity":"","overlay-gradient":""},"mobile":{"background-color":"var(--ast-global-color-4)","background-image":"","background-repeat":"repeat","background-position":"center center","background-size":"auto","background-attachment":"scroll","background-type":"","background-media":"","overlay-type":"","overlay-color":"","overlay-opacity":"","overlay-gradient":""}},"footnotes":""},"class_list":["post-3","page","type-page","status-publish","hentry"],"_links":{"self":[{"href":"https:\/\/y\u00f6remmarket.com\/index.php?rest_route=\/wp\/v2\/pages\/3","targetHints":{"allow":["GET"]}}],"collection":[{"href":"https:\/\/y\u00f6remmarket.com\/index.php?rest_route=\/wp\/v2\/pages"}],"about":[{"href":"https:\/\/y\u00f6remmarket.com\/index.php?rest_route=\/wp\/v2\/types\/page"}],"author":[{"embeddable":true,"href":"https:\/\/y\u00f6remmarket.com\/index.php?rest_route=\/wp\/v2\/users\/1"}],"replies":[{"embeddable":true,"href":"https:\/\/y\u00f6remmarket.com\/index.php?rest_route=%2Fwp%2Fv2%2Fcomments&post=3"}],"version-history":[{"count":1,"href":"https:\/\/y\u00f6remmarket.com\/index.php?rest_route=\/wp\/v2\/pages\/3\/revisions"}],"predecessor-version":[{"id":161,"href":"https:\/\/y\u00f6remmarket.com\/index.php?rest_route=\/wp\/v2\/pages\/3\/revisions\/161"}],"wp:attachment":[{"href":"https:\/\/y\u00f6remmarket.com\/index.php?rest_route=%2Fwp%2Fv2%2Fmedia&parent=3"}],"curies":[{"name":"wp","href":"https:\/\/api.w.org\/{rel}","templated":true}]}}