{"id":67,"date":"2026-04-09T22:47:36","date_gmt":"2026-04-09T19:47:36","guid":{"rendered":"http:\/\/xn--yremmarket-ecb.com\/?page_id=67"},"modified":"2026-04-11T19:44:57","modified_gmt":"2026-04-11T16:44:57","slug":"teslimat-kosullari","status":"publish","type":"page","link":"https:\/\/y\u00f6remmarket.com\/?page_id=67","title":{"rendered":"Teslimat Ko\u015fullar\u0131"},"content":{"rendered":"\n<p>TESL\u0130MAT VE KARGO<br>Teslimat S\u00fcresi<br>Sipari\u015fler 1-3 i\u015f g\u00fcn\u00fc i\u00e7erisinde haz\u0131rlan\u0131r<br>Yo\u011funluk durumuna g\u00f6re s\u00fcre de\u011fi\u015febilir<br>Teslimat \u015eekli<br>Suru\u00e7 i\u00e7i: Elden teslim \/ servis<br>\u015eehir d\u0131\u015f\u0131: Kargo ile g\u00f6nderim<br>Kargo \u00dccreti<br>Aksi belirtilmedik\u00e7e al\u0131c\u0131ya aittir<br>Hasarl\u0131 \u00dcr\u00fcn<br>Kargo tesliminde paket kontrol edilmelidir<br>Hasarl\u0131 \u00fcr\u00fcnler i\u00e7in tutanak tutulmal\u0131d\u0131r<br>Teslimat Adresi<br>Al\u0131c\u0131, sipari\u015f s\u0131ras\u0131nda verdi\u011fi adresin do\u011fru oldu\u011funu kabul eder.<\/p>\n","protected":false},"excerpt":{"rendered":"<p>TESL\u0130MAT VE KARGOTeslimat S\u00fcresiSipari\u015fler 1-3 i\u015f g\u00fcn\u00fc i\u00e7erisinde haz\u0131rlan\u0131rYo\u011funluk durumuna g\u00f6re s\u00fcre de\u011fi\u015febilirTeslimat \u015eekliSuru\u00e7 i\u00e7i: Elden teslim \/ servis\u015eehir d\u0131\u015f\u0131: [&hellip;]<\/p>\n","protected":false},"author":1,"featured_media":0,"parent":0,"menu_order":0,"comment_status":"closed","ping_status":"closed","template":"","meta":{"site-sidebar-layout":"default","site-content-layout":"","ast-site-content-layout":"default","site-content-style":"default","site-sidebar-style":"default","ast-global-header-display":"","ast-banner-title-visibility":"","ast-main-header-display":"","ast-hfb-above-header-display":"","ast-hfb-below-header-display":"","ast-hfb-mobile-header-display":"","site-post-title":"","ast-breadcrumbs-content":"","ast-featured-img":"","footer-sml-layout":"","ast-disable-related-posts":"","theme-transparent-header-meta":"","adv-header-id-meta":"","stick-header-meta":"","header-above-stick-meta":"","header-main-stick-meta":"","header-below-stick-meta":"","astra-migrate-meta-layouts":"default","ast-page-background-enabled":"default","ast-page-background-meta":{"desktop":{"background-color":"var(--ast-global-color-5)","background-image":"","background-repeat":"repeat","background-position":"center center","background-size":"auto","background-attachment":"scroll","background-type":"","background-media":"","overlay-type":"","overlay-color":"","overlay-opacity":"","overlay-gradient":""},"tablet":{"background-color":"","background-image":"","background-repeat":"repeat","background-position":"center center","background-size":"auto","background-attachment":"scroll","background-type":"","background-media":"","overlay-type":"","overlay-color":"","overlay-opacity":"","overlay-gradient":""},"mobile":{"background-color":"","background-image":"","background-repeat":"repeat","background-position":"center center","background-size":"auto","background-attachment":"scroll","background-type":"","background-media":"","overlay-type":"","overlay-color":"","overlay-opacity":"","overlay-gradient":""}},"ast-content-background-meta":{"desktop":{"background-color":"var(--ast-global-color-4)","background-image":"","background-repeat":"repeat","background-position":"center center","background-size":"auto","background-attachment":"scroll","background-type":"","background-media":"","overlay-type":"","overlay-color":"","overlay-opacity":"","overlay-gradient":""},"tablet":{"background-color":"var(--ast-global-color-4)","background-image":"","background-repeat":"repeat","background-position":"center center","background-size":"auto","background-attachment":"scroll","background-type":"","background-media":"","overlay-type":"","overlay-color":"","overlay-opacity":"","overlay-gradient":""},"mobile":{"background-color":"var(--ast-global-color-4)","background-image":"","background-repeat":"repeat","background-position":"center center","background-size":"auto","background-attachment":"scroll","background-type":"","background-media":"","overlay-type":"","overlay-color":"","overlay-opacity":"","overlay-gradient":""}},"footnotes":""},"class_list":["post-67","page","type-page","status-publish","hentry"],"_links":{"self":[{"href":"https:\/\/y\u00f6remmarket.com\/index.php?rest_route=\/wp\/v2\/pages\/67","targetHints":{"allow":["GET"]}}],"collection":[{"href":"https:\/\/y\u00f6remmarket.com\/index.php?rest_route=\/wp\/v2\/pages"}],"about":[{"href":"https:\/\/y\u00f6remmarket.com\/index.php?rest_route=\/wp\/v2\/types\/page"}],"author":[{"embeddable":true,"href":"https:\/\/y\u00f6remmarket.com\/index.php?rest_route=\/wp\/v2\/users\/1"}],"replies":[{"embeddable":true,"href":"https:\/\/y\u00f6remmarket.com\/index.php?rest_route=%2Fwp%2Fv2%2Fcomments&post=67"}],"version-history":[{"count":2,"href":"https:\/\/y\u00f6remmarket.com\/index.php?rest_route=\/wp\/v2\/pages\/67\/revisions"}],"predecessor-version":[{"id":163,"href":"https:\/\/y\u00f6remmarket.com\/index.php?rest_route=\/wp\/v2\/pages\/67\/revisions\/163"}],"wp:attachment":[{"href":"https:\/\/y\u00f6remmarket.com\/index.php?rest_route=%2Fwp%2Fv2%2Fmedia&parent=67"}],"curies":[{"name":"wp","href":"https:\/\/api.w.org\/{rel}","templated":true}]}}