{"id":69,"date":"2026-04-09T22:48:22","date_gmt":"2026-04-09T19:48:22","guid":{"rendered":"http:\/\/xn--yremmarket-ecb.com\/?page_id=69"},"modified":"2026-04-11T19:41:01","modified_gmt":"2026-04-11T16:41:01","slug":"satis-sozlesmesi","status":"publish","type":"page","link":"https:\/\/y\u00f6remmarket.com\/?page_id=69","title":{"rendered":"Mesafeli Sat\u0131\u015f S\u00f6zle\u015fmesi"},"content":{"rendered":"\n<ol class=\"wp-block-list\">\n<li>TARAFLAR<br>SATICI:<br>Ad \/ \u00dcnvan: Y\u00f6rem Market<br>Adres: Saray Alt\u0131 Mahallesi Karayolu Caddesi G\u00f6z \u00c7\u0131kmaz\u0131 Sokak No:1 Daire:4 Suru\u00e7 \/ \u015eanl\u0131urfa<br>Telefon: 0552 378 40 22<br>E-posta: admin@xn--yremmarket-ecb.com<br>ALICI:<br>(Al\u0131c\u0131 taraf\u0131ndan sipari\u015f s\u0131ras\u0131nda girilen bilgiler esas al\u0131n\u0131r.)<\/li>\n\n\n\n<li>KONU<br>\u0130\u015fbu s\u00f6zle\u015fmenin konusu, ALICI\u2019n\u0131n SATICI\u2019ya ait internet sitesi \u00fczerinden elektronik ortamda sipari\u015fini verdi\u011fi \u00fcr\u00fcnlerin sat\u0131\u015f\u0131 ve teslimi ile ilgili olarak taraflar\u0131n hak ve y\u00fck\u00fcml\u00fcl\u00fcklerinin belirlenmesidir.<\/li>\n\n\n\n<li>\u00dcR\u00dcN B\u0130LG\u0130LER\u0130<br>\u00dcr\u00fcnlerin t\u00fcr\u00fc, miktar\u0131, marka\/modeli, rengi, adedi, sat\u0131\u015f bedeli ve \u00f6deme \u015fekli sipari\u015f s\u0131ras\u0131nda belirtildi\u011fi gibidir.<\/li>\n\n\n\n<li>TESL\u0130MAT VE \u0130FA<br>\u00dcr\u00fcnler, sipari\u015fin onaylanmas\u0131ndan sonra en ge\u00e7 3 i\u015f g\u00fcn\u00fc i\u00e7inde kargoya verilir.<br>Suru\u00e7 i\u00e7i sipari\u015flerde elden teslim veya servis yap\u0131labilir.<br>Teslimat masraflar\u0131 aksi belirtilmedik\u00e7e al\u0131c\u0131ya aittir.<\/li>\n\n\n\n<li>\u00d6DEME<br>Al\u0131c\u0131, \u00f6deme i\u015flemini kredi kart\u0131 \/ banka kart\u0131 \/ havale se\u00e7eneklerinden biri ile yapabilir.<br>\u00d6deme tamamlanmadan sipari\u015f i\u015fleme al\u0131nmaz.<\/li>\n\n\n\n<li>CAYMA HAKKI<br>Al\u0131c\u0131, \u00fcr\u00fcn\u00fc teslim ald\u0131\u011f\u0131 tarihten itibaren 14 g\u00fcn i\u00e7erisinde cayma hakk\u0131na sahiptir.<br>Ancak a\u015fa\u011f\u0131daki \u00fcr\u00fcnlerde cayma hakk\u0131 ge\u00e7erli de\u011fildir:<br>Bozulabilir g\u0131da \u00fcr\u00fcnleri (yumurta, s\u00fct, peynir vb.)<br>Hijyen nedeniyle iadesi uygun olmayan \u00fcr\u00fcnler<\/li>\n\n\n\n<li>GENEL H\u00dcK\u00dcMLER<br>Al\u0131c\u0131, sipari\u015fi onaylayarak s\u00f6zle\u015fme \u015fartlar\u0131n\u0131 kabul etmi\u015f say\u0131l\u0131r.<br>Sitede yer alan t\u00fcm bilgiler do\u011fru ve g\u00fcncel olarak sunulmaktad\u0131r.<\/li>\n\n\n\n<li>YETK\u0130L\u0130 MAHKEME<br>\u0130\u015fbu s\u00f6zle\u015fmeden do\u011fabilecek ihtilaflarda \u015eanl\u0131urfa Mahkemeleri ve \u0130cra Daireleri yetkilidir.<\/li>\n\n\n\n<li>Y\u00dcR\u00dcRL\u00dcK<br>Al\u0131c\u0131, site \u00fczerinden sipari\u015f verdi\u011finde bu s\u00f6zle\u015fmenin t\u00fcm \u015fartlar\u0131n\u0131 kabul etmi\u015f say\u0131l\u0131r.<\/li>\n<\/ol>\n","protected":false},"excerpt":{"rendered":"","protected":false},"author":1,"featured_media":0,"parent":0,"menu_order":0,"comment_status":"closed","ping_status":"closed","template":"","meta":{"site-sidebar-layout":"default","site-content-layout":"","ast-site-content-layout":"default","site-content-style":"default","site-sidebar-style":"default","ast-global-header-display":"","ast-banner-title-visibility":"","ast-main-header-display":"","ast-hfb-above-header-display":"","ast-hfb-below-header-display":"","ast-hfb-mobile-header-display":"","site-post-title":"","ast-breadcrumbs-content":"","ast-featured-img":"","footer-sml-layout":"","ast-disable-related-posts":"","theme-transparent-header-meta":"","adv-header-id-meta":"","stick-header-meta":"","header-above-stick-meta":"","header-main-stick-meta":"","header-below-stick-meta":"","astra-migrate-meta-layouts":"default","ast-page-background-enabled":"default","ast-page-background-meta":{"desktop":{"background-color":"var(--ast-global-color-5)","background-image":"","background-repeat":"repeat","background-position":"center center","background-size":"auto","background-attachment":"scroll","background-type":"","background-media":"","overlay-type":"","overlay-color":"","overlay-opacity":"","overlay-gradient":""},"tablet":{"background-color":"","background-image":"","background-repeat":"repeat","background-position":"center center","background-size":"auto","background-attachment":"scroll","background-type":"","background-media":"","overlay-type":"","overlay-color":"","overlay-opacity":"","overlay-gradient":""},"mobile":{"background-color":"","background-image":"","background-repeat":"repeat","background-position":"center center","background-size":"auto","background-attachment":"scroll","background-type":"","background-media":"","overlay-type":"","overlay-color":"","overlay-opacity":"","overlay-gradient":""}},"ast-content-background-meta":{"desktop":{"background-color":"var(--ast-global-color-4)","background-image":"","background-repeat":"repeat","background-position":"center center","background-size":"auto","background-attachment":"scroll","background-type":"","background-media":"","overlay-type":"","overlay-color":"","overlay-opacity":"","overlay-gradient":""},"tablet":{"background-color":"var(--ast-global-color-4)","background-image":"","background-repeat":"repeat","background-position":"center center","background-size":"auto","background-attachment":"scroll","background-type":"","background-media":"","overlay-type":"","overlay-color":"","overlay-opacity":"","overlay-gradient":""},"mobile":{"background-color":"var(--ast-global-color-4)","background-image":"","background-repeat":"repeat","background-position":"center center","background-size":"auto","background-attachment":"scroll","background-type":"","background-media":"","overlay-type":"","overlay-color":"","overlay-opacity":"","overlay-gradient":""}},"footnotes":""},"class_list":["post-69","page","type-page","status-publish","hentry"],"_links":{"self":[{"href":"https:\/\/y\u00f6remmarket.com\/index.php?rest_route=\/wp\/v2\/pages\/69","targetHints":{"allow":["GET"]}}],"collection":[{"href":"https:\/\/y\u00f6remmarket.com\/index.php?rest_route=\/wp\/v2\/pages"}],"about":[{"href":"https:\/\/y\u00f6remmarket.com\/index.php?rest_route=\/wp\/v2\/types\/page"}],"author":[{"embeddable":true,"href":"https:\/\/y\u00f6remmarket.com\/index.php?rest_route=\/wp\/v2\/users\/1"}],"replies":[{"embeddable":true,"href":"https:\/\/y\u00f6remmarket.com\/index.php?rest_route=%2Fwp%2Fv2%2Fcomments&post=69"}],"version-history":[{"count":3,"href":"https:\/\/y\u00f6remmarket.com\/index.php?rest_route=\/wp\/v2\/pages\/69\/revisions"}],"predecessor-version":[{"id":159,"href":"https:\/\/y\u00f6remmarket.com\/index.php?rest_route=\/wp\/v2\/pages\/69\/revisions\/159"}],"wp:attachment":[{"href":"https:\/\/y\u00f6remmarket.com\/index.php?rest_route=%2Fwp%2Fv2%2Fmedia&parent=69"}],"curies":[{"name":"wp","href":"https:\/\/api.w.org\/{rel}","templated":true}]}}