{"id":71,"date":"2026-04-09T22:49:11","date_gmt":"2026-04-09T19:49:11","guid":{"rendered":"http:\/\/xn--yremmarket-ecb.com\/?page_id=71"},"modified":"2026-04-11T19:44:11","modified_gmt":"2026-04-11T16:44:11","slug":"iptal-ve-iade-politikasi","status":"publish","type":"page","link":"https:\/\/y\u00f6remmarket.com\/?page_id=71","title":{"rendered":"\u0130ptal ve \u0130ade Politikas\u0131"},"content":{"rendered":"\n<p>\u0130ADE VE \u0130PTAL POL\u0130T\u0130KASI<br>\u0130ade \u015eartlar\u0131<br>\u00dcr\u00fcn tesliminden itibaren 14 g\u00fcn i\u00e7inde iade talebi olu\u015fturulabilir.<br>\u00dcr\u00fcn kullan\u0131lmam\u0131\u015f ve tekrar sat\u0131labilir durumda olmal\u0131d\u0131r.<br>\u0130ade Edilemeyen \u00dcr\u00fcnler<br>G\u0131da \u00fcr\u00fcnleri (yumurta, s\u00fct, peynir vb.)<br>Hijyen gere\u011fi iadesi uygun olmayan \u00fcr\u00fcnler<br>\u0130ptal \u015eartlar\u0131<br>Sipari\u015f, kargoya verilmeden \u00f6nce iptal edilebilir.<br>Kargoya verilen sipari\u015fler i\u00e7in iade s\u00fcreci uygulan\u0131r.<br>\u0130ade S\u00fcreci<br>\u00dcr\u00fcn sat\u0131c\u0131ya ula\u015ft\u0131ktan sonra inceleme yap\u0131l\u0131r<br>Uygun bulunursa \u00fccret iadesi 3-7 i\u015f g\u00fcn\u00fc i\u00e7inde yap\u0131l\u0131r<br>\u0130leti\u015fim<br>\ud83d\udcde 0552 378 40 22<br>\ud83d\udce7 admin@xn--yremmarket-ecb.com<\/p>\n","protected":false},"excerpt":{"rendered":"<p>\u0130ADE VE \u0130PTAL POL\u0130T\u0130KASI\u0130ade \u015eartlar\u0131\u00dcr\u00fcn tesliminden itibaren 14 g\u00fcn i\u00e7inde iade talebi olu\u015fturulabilir.\u00dcr\u00fcn kullan\u0131lmam\u0131\u015f ve tekrar sat\u0131labilir durumda olmal\u0131d\u0131r.\u0130ade Edilemeyen [&hellip;]<\/p>\n","protected":false},"author":1,"featured_media":0,"parent":0,"menu_order":0,"comment_status":"closed","ping_status":"closed","template":"","meta":{"site-sidebar-layout":"default","site-content-layout":"","ast-site-content-layout":"default","site-content-style":"default","site-sidebar-style":"default","ast-global-header-display":"","ast-banner-title-visibility":"","ast-main-header-display":"","ast-hfb-above-header-display":"","ast-hfb-below-header-display":"","ast-hfb-mobile-header-display":"","site-post-title":"","ast-breadcrumbs-content":"","ast-featured-img":"","footer-sml-layout":"","ast-disable-related-posts":"","theme-transparent-header-meta":"","adv-header-id-meta":"","stick-header-meta":"","header-above-stick-meta":"","header-main-stick-meta":"","header-below-stick-meta":"","astra-migrate-meta-layouts":"default","ast-page-background-enabled":"default","ast-page-background-meta":{"desktop":{"background-color":"var(--ast-global-color-5)","background-image":"","background-repeat":"repeat","background-position":"center center","background-size":"auto","background-attachment":"scroll","background-type":"","background-media":"","overlay-type":"","overlay-color":"","overlay-opacity":"","overlay-gradient":""},"tablet":{"background-color":"","background-image":"","background-repeat":"repeat","background-position":"center center","background-size":"auto","background-attachment":"scroll","background-type":"","background-media":"","overlay-type":"","overlay-color":"","overlay-opacity":"","overlay-gradient":""},"mobile":{"background-color":"","background-image":"","background-repeat":"repeat","background-position":"center center","background-size":"auto","background-attachment":"scroll","background-type":"","background-media":"","overlay-type":"","overlay-color":"","overlay-opacity":"","overlay-gradient":""}},"ast-content-background-meta":{"desktop":{"background-color":"var(--ast-global-color-4)","background-image":"","background-repeat":"repeat","background-position":"center center","background-size":"auto","background-attachment":"scroll","background-type":"","background-media":"","overlay-type":"","overlay-color":"","overlay-opacity":"","overlay-gradient":""},"tablet":{"background-color":"var(--ast-global-color-4)","background-image":"","background-repeat":"repeat","background-position":"center center","background-size":"auto","background-attachment":"scroll","background-type":"","background-media":"","overlay-type":"","overlay-color":"","overlay-opacity":"","overlay-gradient":""},"mobile":{"background-color":"var(--ast-global-color-4)","background-image":"","background-repeat":"repeat","background-position":"center center","background-size":"auto","background-attachment":"scroll","background-type":"","background-media":"","overlay-type":"","overlay-color":"","overlay-opacity":"","overlay-gradient":""}},"footnotes":""},"class_list":["post-71","page","type-page","status-publish","hentry"],"_links":{"self":[{"href":"https:\/\/y\u00f6remmarket.com\/index.php?rest_route=\/wp\/v2\/pages\/71","targetHints":{"allow":["GET"]}}],"collection":[{"href":"https:\/\/y\u00f6remmarket.com\/index.php?rest_route=\/wp\/v2\/pages"}],"about":[{"href":"https:\/\/y\u00f6remmarket.com\/index.php?rest_route=\/wp\/v2\/types\/page"}],"author":[{"embeddable":true,"href":"https:\/\/y\u00f6remmarket.com\/index.php?rest_route=\/wp\/v2\/users\/1"}],"replies":[{"embeddable":true,"href":"https:\/\/y\u00f6remmarket.com\/index.php?rest_route=%2Fwp%2Fv2%2Fcomments&post=71"}],"version-history":[{"count":2,"href":"https:\/\/y\u00f6remmarket.com\/index.php?rest_route=\/wp\/v2\/pages\/71\/revisions"}],"predecessor-version":[{"id":162,"href":"https:\/\/y\u00f6remmarket.com\/index.php?rest_route=\/wp\/v2\/pages\/71\/revisions\/162"}],"wp:attachment":[{"href":"https:\/\/y\u00f6remmarket.com\/index.php?rest_route=%2Fwp%2Fv2%2Fmedia&parent=71"}],"curies":[{"name":"wp","href":"https:\/\/api.w.org\/{rel}","templated":true}]}}