{"id":148,"date":"2026-04-10T12:34:51","date_gmt":"2026-04-10T09:34:51","guid":{"rendered":"http:\/\/xn--yremmarket-ecb.com\/?post_type=product&#038;p=148"},"modified":"2026-04-10T12:34:51","modified_gmt":"2026-04-10T09:34:51","slug":"xl-yumurta","status":"publish","type":"product","link":"https:\/\/y\u00f6remmarket.com\/?product=xl-yumurta","title":{"rendered":"XL Yumurta"},"content":{"rendered":"<p>\ud83e\udd5a G\u00fcnl\u00fck Taze XL Gezen Tavuk Yumurtas\u0131<\/p>\n<p>\u2714 Tamamen yerli \u00fcretim<br \/>\n\u2714 Do\u011fal ve katk\u0131s\u0131z<br \/>\n\u2714 B\u00fcy\u00fck boy (XL)<br \/>\n\u2714 G\u00fcnl\u00fck toplan\u0131r, taze teslim edilir<\/p>\n<p>\ud83d\udccd Suru\u00e7 i\u00e7i ayn\u0131 g\u00fcn teslimat<br \/>\n\ud83d\ude9a Toplu sipari\u015fler i\u00e7in \u00f6zel fiyat<\/p>\n<p>Sa\u011fl\u0131kl\u0131 beslenmenin temel ta\u015flar\u0131ndan biri olan yumurtalar\u0131m\u0131zla sofralar\u0131n\u0131za do\u011fall\u0131k kat\u0131n.<\/p>\n<p>\ud83d\udcf2 Sipari\u015f i\u00e7in WhatsApp\u2019tan ileti\u015fime ge\u00e7ebilirsiniz.<\/p>\n<figure id=\"attachment_149\" aria-describedby=\"caption-attachment-149\" style=\"width: 300px\" class=\"wp-caption alignnone\"><img loading=\"lazy\" decoding=\"async\" class=\"size-medium wp-image-149\" src=\"http:\/\/xn--yremmarket-ecb.com\/wp-content\/uploads\/2026\/04\/yumurta-300x300.jpeg\" alt=\"\" width=\"300\" height=\"300\" srcset=\"https:\/\/y\u00f6remmarket.com\/wp-content\/uploads\/2026\/04\/yumurta-300x300.jpeg 300w, https:\/\/y\u00f6remmarket.com\/wp-content\/uploads\/2026\/04\/yumurta-150x150.jpeg 150w, https:\/\/y\u00f6remmarket.com\/wp-content\/uploads\/2026\/04\/yumurta-100x100.jpeg 100w, https:\/\/y\u00f6remmarket.com\/wp-content\/uploads\/2026\/04\/yumurta.jpeg 533w\" sizes=\"auto, (max-width: 300px) 100vw, 300px\" \/><figcaption id=\"caption-attachment-149\" class=\"wp-caption-text\">G\u00fcnl\u00fck Taze Krem yumurta<\/figcaption><\/figure>\n","protected":false},"excerpt":{"rendered":"<p>\ud83e\udd5a G\u00fcnl\u00fck Taze XL Gezen Tavuk Yumurtas\u0131 \u2714 Tamamen yerli \u00fcretim \u2714 Do\u011fal ve katk\u0131s\u0131z \u2714 B\u00fcy\u00fck boy (XL) \u2714 [&hellip;]<\/p>\n","protected":false},"featured_media":149,"comment_status":"open","ping_status":"closed","template":"","meta":{"site-sidebar-layout":"default","site-content-layout":"","ast-site-content-layout":"default","site-content-style":"default","site-sidebar-style":"default","ast-global-header-display":"","ast-banner-title-visibility":"","ast-main-header-display":"","ast-hfb-above-header-display":"","ast-hfb-below-header-display":"","ast-hfb-mobile-header-display":"","site-post-title":"","ast-breadcrumbs-content":"","ast-featured-img":"","footer-sml-layout":"","ast-disable-related-posts":"","theme-transparent-header-meta":"default","adv-header-id-meta":"","stick-header-meta":"","header-above-stick-meta":"","header-main-stick-meta":"","header-below-stick-meta":"","astra-migrate-meta-layouts":"set","ast-page-background-enabled":"default","ast-page-background-meta":{"desktop":{"background-color":"var(--ast-global-color-5)","background-image":"","background-repeat":"repeat","background-position":"center center","background-size":"auto","background-attachment":"scroll","background-type":"","background-media":"","overlay-type":"","overlay-color":"","overlay-opacity":"","overlay-gradient":""},"tablet":{"background-color":"","background-image":"","background-repeat":"repeat","background-position":"center center","background-size":"auto","background-attachment":"scroll","background-type":"","background-media":"","overlay-type":"","overlay-color":"","overlay-opacity":"","overlay-gradient":""},"mobile":{"background-color":"","background-image":"","background-repeat":"repeat","background-position":"center center","background-size":"auto","background-attachment":"scroll","background-type":"","background-media":"","overlay-type":"","overlay-color":"","overlay-opacity":"","overlay-gradient":""}},"ast-content-background-meta":{"desktop":{"background-color":"var(--ast-global-color-4)","background-image":"","background-repeat":"repeat","background-position":"center center","background-size":"auto","background-attachment":"scroll","background-type":"","background-media":"","overlay-type":"","overlay-color":"","overlay-opacity":"","overlay-gradient":""},"tablet":{"background-color":"var(--ast-global-color-4)","background-image":"","background-repeat":"repeat","background-position":"center center","background-size":"auto","background-attachment":"scroll","background-type":"","background-media":"","overlay-type":"","overlay-color":"","overlay-opacity":"","overlay-gradient":""},"mobile":{"background-color":"var(--ast-global-color-4)","background-image":"","background-repeat":"repeat","background-position":"center center","background-size":"auto","background-attachment":"scroll","background-type":"","background-media":"","overlay-type":"","overlay-color":"","overlay-opacity":"","overlay-gradient":""}}},"product_brand":[],"product_cat":[19],"product_tag":[],"class_list":{"0":"post-148","1":"product","2":"type-product","3":"status-publish","4":"has-post-thumbnail","6":"product_cat-genel","7":"desktop-align-left","8":"tablet-align-left","9":"mobile-align-left","11":"first","12":"instock","13":"shipping-taxable","14":"purchasable","15":"product-type-simple"},"_links":{"self":[{"href":"https:\/\/y\u00f6remmarket.com\/index.php?rest_route=\/wp\/v2\/product\/148","targetHints":{"allow":["GET"]}}],"collection":[{"href":"https:\/\/y\u00f6remmarket.com\/index.php?rest_route=\/wp\/v2\/product"}],"about":[{"href":"https:\/\/y\u00f6remmarket.com\/index.php?rest_route=\/wp\/v2\/types\/product"}],"replies":[{"embeddable":true,"href":"https:\/\/y\u00f6remmarket.com\/index.php?rest_route=%2Fwp%2Fv2%2Fcomments&post=148"}],"wp:featuredmedia":[{"embeddable":true,"href":"https:\/\/y\u00f6remmarket.com\/index.php?rest_route=\/wp\/v2\/media\/149"}],"wp:attachment":[{"href":"https:\/\/y\u00f6remmarket.com\/index.php?rest_route=%2Fwp%2Fv2%2Fmedia&parent=148"}],"wp:term":[{"taxonomy":"product_brand","embeddable":true,"href":"https:\/\/y\u00f6remmarket.com\/index.php?rest_route=%2Fwp%2Fv2%2Fproduct_brand&post=148"},{"taxonomy":"product_cat","embeddable":true,"href":"https:\/\/y\u00f6remmarket.com\/index.php?rest_route=%2Fwp%2Fv2%2Fproduct_cat&post=148"},{"taxonomy":"product_tag","embeddable":true,"href":"https:\/\/y\u00f6remmarket.com\/index.php?rest_route=%2Fwp%2Fv2%2Fproduct_tag&post=148"}],"curies":[{"name":"wp","href":"https:\/\/api.w.org\/{rel}","templated":true}]}}